{"id":1047,"date":"2019-04-30T11:46:37","date_gmt":"2019-04-30T11:46:37","guid":{"rendered":"https:\/\/victorthemes.com\/themes\/windfall\/gallery-with-caption-copy\/"},"modified":"2023-05-11T18:35:30","modified_gmt":"2023-05-11T18:35:30","slug":"gallery-grid","status":"publish","type":"page","link":"https:\/\/montajes.com.sv\/index.php\/gallery-grid\/","title":{"rendered":"Galer\u00eda de Fotos"},"content":{"rendered":"\t\t<div data-elementor-type=\"wp-post\" data-elementor-id=\"1047\" class=\"elementor elementor-1047\">\n\t\t\t\t\t\t\t\t\t<section class=\"elementor-section elementor-top-section elementor-element elementor-element-166b25d elementor-section-full_width elementor-section-height-default elementor-section-height-default\" data-id=\"166b25d\" data-element_type=\"section\">\n\t\t\t\t\t\t<div class=\"elementor-container elementor-column-gap-default\">\n\t\t\t\t\t<div class=\"elementor-column elementor-col-100 elementor-top-column elementor-element elementor-element-a15e41d\" data-id=\"a15e41d\" data-element_type=\"column\">\n\t\t\t<div class=\"elementor-widget-wrap elementor-element-populated\">\n\t\t\t\t\t\t\t\t<div class=\"elementor-element elementor-element-0cae357 elementor-widget elementor-widget-vt-windfall_gallery\" data-id=\"0cae357\" data-element_type=\"widget\" data-settings=\"{&quot;gallery_caption_style&quot;:&quot;without_caption&quot;,&quot;gallery_column&quot;:&quot;Select gallery column&quot;}\" data-widget_type=\"vt-windfall_gallery.default\">\n\t\t\t\t<div class=\"elementor-widget-container\">\n\t\t\t\r\n        <div class=\"container\">\r\n      <div class=\"masonry-filters  normal-filter\">\r\n        <ul>\r\n          <li><a href=\"javascript:void(0);\" data-style=\"one\" data-limit=\"9\" class=\"active\" data-loader=\"ball-pulse\"  data-caption=\"without\" data-filter=\"*\">Show All<\/a><\/li>\r\n          <li><a href=\"javascript:void(0);\" data-filter=\".alumbrado-item\" data-limit=\"9\" data-filter=\".alumbrado-item\" data-caption=\"without\" data-loader=\"ball-pulse\" data-style=\"one\" data-cat=\"alumbrado\">Alumbrado<\/a><\/li><li><a href=\"javascript:void(0);\" data-filter=\".electrico-item\" data-limit=\"9\" data-filter=\".electrico-item\" data-caption=\"without\" data-loader=\"ball-pulse\" data-style=\"one\" data-cat=\"electrico\">Electrificaci\u00f3n<\/a><\/li><li><a href=\"javascript:void(0);\" data-filter=\".images-item\" data-limit=\"9\" data-filter=\".images-item\" data-caption=\"without\" data-loader=\"ball-pulse\" data-style=\"one\" data-cat=\"images\">Images<\/a><\/li><li><a href=\"javascript:void(0);\" data-filter=\".lavanderia-item\" data-limit=\"9\" data-filter=\".lavanderia-item\" data-caption=\"without\" data-loader=\"ball-pulse\" data-style=\"one\" data-cat=\"lavanderia\">Lavander\u00eda<\/a><\/li><li><a href=\"javascript:void(0);\" data-filter=\".links-item\" data-limit=\"9\" data-filter=\".links-item\" data-caption=\"without\" data-loader=\"ball-pulse\" data-style=\"one\" data-cat=\"links\">Links<\/a><\/li><li><a href=\"javascript:void(0);\" data-filter=\".vapor-item\" data-limit=\"9\" data-filter=\".vapor-item\" data-caption=\"without\" data-loader=\"ball-pulse\" data-style=\"one\" data-cat=\"vapor\">Maquinaria y Equipos para vapor<\/a><\/li><li><a href=\"javascript:void(0);\" data-filter=\".ventilacion-item\" data-limit=\"9\" data-filter=\".ventilacion-item\" data-caption=\"without\" data-loader=\"ball-pulse\" data-style=\"one\" data-cat=\"ventilacion\">Sistemas de venitlacion y Aire<\/a><\/li><li><a href=\"javascript:void(0);\" data-filter=\".telecomunicaciones-item\" data-limit=\"9\" data-filter=\".telecomunicaciones-item\" data-caption=\"without\" data-loader=\"ball-pulse\" data-style=\"one\" data-cat=\"telecomunicaciones\">Telecomunicaciones<\/a><\/li>        <\/ul>\r\n      <\/div>\r\n    <\/div>\r\n    \r\n              <div class=\"container\">\r\n        <div class=\"wndfal-masonry Select gallery column\">\r\n      \r\n        <!-- Gallery Start -->\r\n                  <div class=\"masonry-item links-item \" data-category=\"links-item \">\r\n                          <div class=\"gallery-item\">\r\n                <div class=\"wndfal-image\">\r\n                  <img decoding=\"async\" src=\"https:\/\/montajes.com.sv\/wp-content\/uploads\/2023\/03\/ingenio-370x260.jpg\" alt=\"Maquinaria y Equipos de Vapor\">\r\n\t                <div class=\"wndfal-popup\">\r\n\t                  <a href=\"https:\/\/montajes.com.sv\/wp-content\/uploads\/2023\/03\/ingenio.jpg\">\r\n\t\t                  <div class=\"gallery-info\">\r\n\t\t                    <div class=\"wndfal-table-wrap\">\r\n\t\t                      <div class=\"wndfal-align-wrap\">\r\n\t\t                          <i class=\"fa fa-search\" aria-hidden=\"true\"><\/i>\r\n\t\t                      <\/div>\r\n\t\t                    <\/div>\r\n\t\t                  <\/div>\r\n\t                  <\/a>\r\n\t                <\/div>\r\n                <\/div>\r\n                              <\/div>\r\n                      <\/div>\r\n                  <div class=\"masonry-item images-item telecomunicaciones-item \" data-category=\"images-item telecomunicaciones-item \">\r\n                          <div class=\"gallery-item\">\r\n                <div class=\"wndfal-image\">\r\n                  <img decoding=\"async\" src=\"https:\/\/montajes.com.sv\/wp-content\/uploads\/2023\/03\/telefonia2-370x260.jpg\" alt=\"Telecomunicaciones\">\r\n                  <div class=\"wndfal-popup\">\r\n\t                  <a href=\"https:\/\/montajes.com.sv\/wp-content\/uploads\/2023\/03\/telefonia2.jpg\">\r\n\t\t                  <div class=\"gallery-info\">\r\n\t\t                    <div class=\"wndfal-table-wrap\">\r\n\t\t                      <div class=\"wndfal-align-wrap\">\r\n\t\t                          <i class=\"fa fa-search\" aria-hidden=\"true\"><\/i>\r\n\t\t                      <\/div>\r\n\t\t                    <\/div>\r\n\t\t                  <\/div>\r\n\t\t                <\/a>\r\n                  <\/div>\r\n                <\/div>\r\n                              <\/div>\r\n                      <\/div>\r\n                  <div class=\"masonry-item electrico-item links-item \" data-category=\"electrico-item links-item \">\r\n                          <div class=\"gallery-item\">\r\n                <div class=\"wndfal-image\">\r\n                  <img decoding=\"async\" src=\"https:\/\/montajes.com.sv\/wp-content\/uploads\/2023\/03\/corporacion-370x260.jpg\" alt=\"Alumbrado El\u00e9ctrico\">\r\n                  <div class=\"wndfal-popup\">\r\n\t                  <a href=\"https:\/\/montajes.com.sv\/wp-content\/uploads\/2023\/03\/corporacion.jpg\">\r\n\t\t                  <div class=\"gallery-info\">\r\n\t\t                    <div class=\"wndfal-table-wrap\">\r\n\t\t                      <div class=\"wndfal-align-wrap\">\r\n\t\t                          <i class=\"fa fa-search\" aria-hidden=\"true\"><\/i>\r\n\t\t                      <\/div>\r\n\t\t                    <\/div>\r\n\t\t                  <\/div>\r\n\t\t                <\/a>\r\n                  <\/div>\r\n                <\/div>\r\n                              <\/div>\r\n                      <\/div>\r\n                  <div class=\"masonry-item alumbrado-item \" data-category=\"alumbrado-item \">\r\n                        <div class=\"gallery-item\">\r\n              <div class=\"owl-carousel\" data-items=\"1\" data-margin=\"0\" data-loop=\"true\" data-nav=\"true\" data-dots=\"true\" data-autoplay=\"true\"  data-rtl=\"false\">\r\n                                  <div class=\"item\">\r\n                    <div class=\"wndfal-image\">\r\n                      <img decoding=\"async\" src=\"https:\/\/montajes.com.sv\/wp-content\/uploads\/2023\/03\/export21-370x260.jpg\" alt=\"\" \/>\r\n                    <\/div>\r\n                  <\/div>\r\n                                  <div class=\"item\">\r\n                    <div class=\"wndfal-image\">\r\n                      <img decoding=\"async\" src=\"https:\/\/montajes.com.sv\/wp-content\/uploads\/2023\/03\/export-370x260.jpg\" alt=\"\" \/>\r\n                    <\/div>\r\n                  <\/div>\r\n                              <\/div>\r\n                          <\/div>\r\n\r\n                      <\/div>\r\n                  <div class=\"masonry-item alumbrado-item images-item \" data-category=\"alumbrado-item images-item \">\r\n                          <div class=\"gallery-item\">\r\n                <div class=\"wndfal-image\">\r\n                  <img decoding=\"async\" src=\"https:\/\/montajes.com.sv\/wp-content\/uploads\/2023\/03\/planta3obras-370x260.jpg\" alt=\"Electrificaci\u00f3n\">\r\n                  <div class=\"wndfal-popup\">\r\n\t                  <a href=\"https:\/\/montajes.com.sv\/wp-content\/uploads\/2023\/03\/planta3obras.jpg\">\r\n\t\t                  <div class=\"gallery-info\">\r\n\t\t                    <div class=\"wndfal-table-wrap\">\r\n\t\t                      <div class=\"wndfal-align-wrap\">\r\n\t\t                          <i class=\"fa fa-search\" aria-hidden=\"true\"><\/i>\r\n\t\t                      <\/div>\r\n\t\t                    <\/div>\r\n\t\t                  <\/div>\r\n\t\t                <\/a>\r\n                  <\/div>\r\n                <\/div>\r\n                              <\/div>\r\n                      <\/div>\r\n                  <div class=\"masonry-item lavanderia-item \" data-category=\"lavanderia-item \">\r\n                          <div class=\"gallery-item\">\r\n                <div class=\"wndfal-image\">\r\n                  <img decoding=\"async\" src=\"https:\/\/montajes.com.sv\/wp-content\/uploads\/2023\/03\/isss1-370x260.jpg\" alt=\"Lavanderia\">\r\n                  <div class=\"wndfal-popup\">\r\n\t                  <a href=\"https:\/\/montajes.com.sv\/wp-content\/uploads\/2023\/03\/isss1.jpg\">\r\n\t\t                  <div class=\"gallery-info\">\r\n\t\t                    <div class=\"wndfal-table-wrap\">\r\n\t\t                      <div class=\"wndfal-align-wrap\">\r\n\t\t                          <i class=\"fa fa-search\" aria-hidden=\"true\"><\/i>\r\n\t\t                      <\/div>\r\n\t\t                    <\/div>\r\n\t\t                  <\/div>\r\n\t\t                <\/a>\r\n                  <\/div>\r\n                <\/div>\r\n                              <\/div>\r\n                      <\/div>\r\n                  <div class=\"masonry-item images-item vapor-item \" data-category=\"images-item vapor-item \">\r\n                          <div class=\"gallery-item\">\r\n                <div class=\"wndfal-image\">\r\n                  <img decoding=\"async\" src=\"https:\/\/montajes.com.sv\/wp-content\/uploads\/2023\/03\/planta-electrica-370x260.jpeg\" alt=\"Calderas Industriales\">\r\n                  <div class=\"wndfal-popup\">\r\n\t                  <a href=\"https:\/\/montajes.com.sv\/wp-content\/uploads\/2023\/03\/planta-electrica.jpeg\">\r\n\t\t                  <div class=\"gallery-info\">\r\n\t\t                    <div class=\"wndfal-table-wrap\">\r\n\t\t                      <div class=\"wndfal-align-wrap\">\r\n\t\t                          <i class=\"fa fa-search\" aria-hidden=\"true\"><\/i>\r\n\t\t                      <\/div>\r\n\t\t                    <\/div>\r\n\t\t                  <\/div>\r\n\t\t                <\/a>\r\n                  <\/div>\r\n                <\/div>\r\n                              <\/div>\r\n                      <\/div>\r\n                  <div class=\"masonry-item images-item ventilacion-item \" data-category=\"images-item ventilacion-item \">\r\n                          <div class=\"gallery-item\">\r\n                <div class=\"wndfal-image\">\r\n                  <img decoding=\"async\" src=\"https:\/\/montajes.com.sv\/wp-content\/uploads\/2019\/04\/blog7-370x260.png\" alt=\"Sistemas de ventilaci\u00f3n y Aire\">\r\n                  <div class=\"wndfal-popup\">\r\n\t                  <a href=\"https:\/\/montajes.com.sv\/wp-content\/uploads\/2019\/04\/blog7.png\">\r\n\t\t                  <div class=\"gallery-info\">\r\n\t\t                    <div class=\"wndfal-table-wrap\">\r\n\t\t                      <div class=\"wndfal-align-wrap\">\r\n\t\t                          <i class=\"fa fa-search\" aria-hidden=\"true\"><\/i>\r\n\t\t                      <\/div>\r\n\t\t                    <\/div>\r\n\t\t                  <\/div>\r\n\t\t                <\/a>\r\n                  <\/div>\r\n                <\/div>\r\n                              <\/div>\r\n                      <\/div>\r\n              \r\n       <\/div>\r\n       <\/div>\r\n    \t\t<\/div>\n\t\t\t\t<\/div>\n\t\t\t\t\t<\/div>\n\t\t<\/div>\n\t\t\t\t\t\t\t<\/div>\n\t\t<\/section>\n\t\t\t\t\t\t\t<\/div>\n\t\t","protected":false},"excerpt":{"rendered":"Show All Images Links Slider Video","protected":false},"author":1,"featured_media":0,"parent":0,"menu_order":0,"comment_status":"closed","ping_status":"closed","template":"","meta":{"footnotes":""},"class_list":["post-1047","page","type-page","status-publish","hentry"],"yoast_head":"<!-- This site is optimized with the Yoast SEO plugin v20.4 - https:\/\/yoast.com\/wordpress\/plugins\/seo\/ -->\n<title>Galer\u00eda de Fotos - Montajes<\/title>\n<meta name=\"description\" content=\"Nuestras fotograf\u00edas de los trabajos realizados en Montajes, Industriales, Mec\u00e1nicos y m\u00e1s.\" \/>\n<meta name=\"robots\" content=\"index, follow, max-snippet:-1, max-image-preview:large, max-video-preview:-1\" \/>\n<link rel=\"canonical\" href=\"https:\/\/montajes.com.sv\/index.php\/gallery-grid\/\" \/>\n<meta property=\"og:locale\" content=\"en_US\" \/>\n<meta property=\"og:type\" content=\"article\" \/>\n<meta property=\"og:title\" content=\"Galer\u00eda de Fotos - Montajes\" \/>\n<meta property=\"og:description\" content=\"Nuestras fotograf\u00edas de los trabajos realizados en Montajes, Industriales, Mec\u00e1nicos y m\u00e1s.\" \/>\n<meta property=\"og:url\" content=\"https:\/\/montajes.com.sv\/index.php\/gallery-grid\/\" \/>\n<meta property=\"og:site_name\" content=\"Montajes\" \/>\n<meta property=\"article:modified_time\" content=\"2023-05-11T18:35:30+00:00\" \/>\n<meta property=\"og:image\" content=\"https:\/\/victorthemes.com\/themes\/windfall\/wp-content\/uploads\/2019\/01\/blog8-370x260.png\" \/>\n<meta name=\"twitter:card\" content=\"summary_large_image\" \/>\n<meta name=\"twitter:label1\" content=\"Est. reading time\" \/>\n\t<meta name=\"twitter:data1\" content=\"3 minutes\" \/>\n<script type=\"application\/ld+json\" class=\"yoast-schema-graph\">{\"@context\":\"https:\/\/schema.org\",\"@graph\":[{\"@type\":\"WebPage\",\"@id\":\"https:\/\/montajes.com.sv\/index.php\/gallery-grid\/\",\"url\":\"https:\/\/montajes.com.sv\/index.php\/gallery-grid\/\",\"name\":\"Galer\u00eda de Fotos - Montajes\",\"isPartOf\":{\"@id\":\"https:\/\/montajes.com.sv\/#website\"},\"datePublished\":\"2019-04-30T11:46:37+00:00\",\"dateModified\":\"2023-05-11T18:35:30+00:00\",\"description\":\"Nuestras fotograf\u00edas de los trabajos realizados en Montajes, Industriales, Mec\u00e1nicos y m\u00e1s.\",\"breadcrumb\":{\"@id\":\"https:\/\/montajes.com.sv\/index.php\/gallery-grid\/#breadcrumb\"},\"inLanguage\":\"en-US\",\"potentialAction\":[{\"@type\":\"ReadAction\",\"target\":[\"https:\/\/montajes.com.sv\/index.php\/gallery-grid\/\"]}]},{\"@type\":\"BreadcrumbList\",\"@id\":\"https:\/\/montajes.com.sv\/index.php\/gallery-grid\/#breadcrumb\",\"itemListElement\":[{\"@type\":\"ListItem\",\"position\":1,\"name\":\"Home\",\"item\":\"https:\/\/montajes.com.sv\/\"},{\"@type\":\"ListItem\",\"position\":2,\"name\":\"Galer\u00eda de Fotos\"}]},{\"@type\":\"WebSite\",\"@id\":\"https:\/\/montajes.com.sv\/#website\",\"url\":\"https:\/\/montajes.com.sv\/\",\"name\":\"Montajes\",\"description\":\"Desarrollos de Ingenieria, Industria Textil, Plantas de produccci\u00f3n\",\"potentialAction\":[{\"@type\":\"SearchAction\",\"target\":{\"@type\":\"EntryPoint\",\"urlTemplate\":\"https:\/\/montajes.com.sv\/?s={search_term_string}\"},\"query-input\":\"required name=search_term_string\"}],\"inLanguage\":\"en-US\"}]}<\/script>\n<!-- \/ Yoast SEO plugin. -->","yoast_head_json":{"title":"Galer\u00eda de Fotos - Montajes","description":"Nuestras fotograf\u00edas de los trabajos realizados en Montajes, Industriales, Mec\u00e1nicos y m\u00e1s.","robots":{"index":"index","follow":"follow","max-snippet":"max-snippet:-1","max-image-preview":"max-image-preview:large","max-video-preview":"max-video-preview:-1"},"canonical":"https:\/\/montajes.com.sv\/index.php\/gallery-grid\/","og_locale":"en_US","og_type":"article","og_title":"Galer\u00eda de Fotos - Montajes","og_description":"Nuestras fotograf\u00edas de los trabajos realizados en Montajes, Industriales, Mec\u00e1nicos y m\u00e1s.","og_url":"https:\/\/montajes.com.sv\/index.php\/gallery-grid\/","og_site_name":"Montajes","article_modified_time":"2023-05-11T18:35:30+00:00","og_image":[{"url":"https:\/\/victorthemes.com\/themes\/windfall\/wp-content\/uploads\/2019\/01\/blog8-370x260.png"}],"twitter_card":"summary_large_image","twitter_misc":{"Est. reading time":"3 minutes"},"schema":{"@context":"https:\/\/schema.org","@graph":[{"@type":"WebPage","@id":"https:\/\/montajes.com.sv\/index.php\/gallery-grid\/","url":"https:\/\/montajes.com.sv\/index.php\/gallery-grid\/","name":"Galer\u00eda de Fotos - Montajes","isPartOf":{"@id":"https:\/\/montajes.com.sv\/#website"},"datePublished":"2019-04-30T11:46:37+00:00","dateModified":"2023-05-11T18:35:30+00:00","description":"Nuestras fotograf\u00edas de los trabajos realizados en Montajes, Industriales, Mec\u00e1nicos y m\u00e1s.","breadcrumb":{"@id":"https:\/\/montajes.com.sv\/index.php\/gallery-grid\/#breadcrumb"},"inLanguage":"en-US","potentialAction":[{"@type":"ReadAction","target":["https:\/\/montajes.com.sv\/index.php\/gallery-grid\/"]}]},{"@type":"BreadcrumbList","@id":"https:\/\/montajes.com.sv\/index.php\/gallery-grid\/#breadcrumb","itemListElement":[{"@type":"ListItem","position":1,"name":"Home","item":"https:\/\/montajes.com.sv\/"},{"@type":"ListItem","position":2,"name":"Galer\u00eda de Fotos"}]},{"@type":"WebSite","@id":"https:\/\/montajes.com.sv\/#website","url":"https:\/\/montajes.com.sv\/","name":"Montajes","description":"Desarrollos de Ingenieria, Industria Textil, Plantas de produccci\u00f3n","potentialAction":[{"@type":"SearchAction","target":{"@type":"EntryPoint","urlTemplate":"https:\/\/montajes.com.sv\/?s={search_term_string}"},"query-input":"required name=search_term_string"}],"inLanguage":"en-US"}]}},"_links":{"self":[{"href":"https:\/\/montajes.com.sv\/index.php\/wp-json\/wp\/v2\/pages\/1047","targetHints":{"allow":["GET"]}}],"collection":[{"href":"https:\/\/montajes.com.sv\/index.php\/wp-json\/wp\/v2\/pages"}],"about":[{"href":"https:\/\/montajes.com.sv\/index.php\/wp-json\/wp\/v2\/types\/page"}],"author":[{"embeddable":true,"href":"https:\/\/montajes.com.sv\/index.php\/wp-json\/wp\/v2\/users\/1"}],"replies":[{"embeddable":true,"href":"https:\/\/montajes.com.sv\/index.php\/wp-json\/wp\/v2\/comments?post=1047"}],"version-history":[{"count":3,"href":"https:\/\/montajes.com.sv\/index.php\/wp-json\/wp\/v2\/pages\/1047\/revisions"}],"predecessor-version":[{"id":1631,"href":"https:\/\/montajes.com.sv\/index.php\/wp-json\/wp\/v2\/pages\/1047\/revisions\/1631"}],"wp:attachment":[{"href":"https:\/\/montajes.com.sv\/index.php\/wp-json\/wp\/v2\/media?parent=1047"}],"curies":[{"name":"wp","href":"https:\/\/api.w.org\/{rel}","templated":true}]}}