{"id":377,"date":"2019-04-04T10:01:49","date_gmt":"2019-04-04T10:01:49","guid":{"rendered":"https:\/\/victorthemes.com\/themes\/windfall\/?page_id=377"},"modified":"2023-04-21T16:36:19","modified_gmt":"2023-04-21T16:36:19","slug":"contactenos","status":"publish","type":"page","link":"https:\/\/montajes.com.sv\/index.php\/contactenos\/","title":{"rendered":"Cont\u00e1ctenos"},"content":{"rendered":"\t\t<div data-elementor-type=\"wp-post\" data-elementor-id=\"377\" class=\"elementor elementor-377\">\n\t\t\t\t\t\t\t\t\t<section class=\"elementor-section elementor-top-section elementor-element elementor-element-075226e elementor-section-boxed elementor-section-height-default elementor-section-height-default\" data-id=\"075226e\" data-element_type=\"section\">\n\t\t\t\t\t\t<div class=\"elementor-container elementor-column-gap-default\">\n\t\t\t\t\t<div class=\"elementor-column elementor-col-100 elementor-top-column elementor-element elementor-element-752a0c7\" data-id=\"752a0c7\" data-element_type=\"column\">\n\t\t\t<div class=\"elementor-widget-wrap elementor-element-populated\">\n\t\t\t\t\t\t\t\t<div class=\"elementor-element elementor-element-d1a8fea elementor-widget elementor-widget-html\" data-id=\"d1a8fea\" data-element_type=\"widget\" data-widget_type=\"html.default\">\n\t\t\t\t<div class=\"elementor-widget-container\">\n\t\t\t<iframe src=\"https:\/\/www.google.com\/maps\/embed?pb=!1m18!1m12!1m3!1d3876.724387105792!2d-89.25119748577083!3d13.674515890397497!2m3!1f0!2f0!3f0!3m2!1i1024!2i768!4f13.1!3m3!1m2!1s0x8f632f16abda77b1%3A0x9fcd7be83f502f3b!2sMONTAJES%2C%20S.A.%20DE%20C.V.!5e0!3m2!1ses-419!2ssv!4v1678742817196!5m2!1ses-419!2ssv\" width=\"600\" height=\"450\" style=\"border:0;\" allowfullscreen=\"\" loading=\"lazy\" referrerpolicy=\"no-referrer-when-downgrade\"><\/iframe>\t\t<\/div>\n\t\t\t\t<\/div>\n\t\t\t\t\t<\/div>\n\t\t<\/div>\n\t\t\t\t\t\t\t<\/div>\n\t\t<\/section>\n\t\t\t\t<section class=\"elementor-section elementor-top-section elementor-element elementor-element-18045ec elementor-section-full_width elementor-section-height-default elementor-section-height-default\" data-id=\"18045ec\" data-element_type=\"section\">\n\t\t\t\t\t\t<div class=\"elementor-container elementor-column-gap-default\">\n\t\t\t\t\t<div class=\"elementor-column elementor-col-33 elementor-top-column elementor-element elementor-element-da2c3c9\" data-id=\"da2c3c9\" data-element_type=\"column\">\n\t\t\t<div class=\"elementor-widget-wrap elementor-element-populated\">\n\t\t\t\t\t\t\t\t<div class=\"elementor-element elementor-element-27ab7b3 elementor-widget elementor-widget-vt-windfall_address_info\" data-id=\"27ab7b3\" data-element_type=\"widget\" data-widget_type=\"vt-windfall_address_info.default\">\n\t\t\t\t<div class=\"elementor-widget-container\">\n\t\t\t<div class=\"wndfal-contact\">\n\t\t\t\t        <div class=\"contact-info\">\n\t\t\t\t          <div class=\"section-title-wrap title-style-two\">\n\t\t\t\t            <h2 class=\"section-title\">Cont\u00e1ctenos<\/h2><p>Si tiene alguna pregunta, o esta solicitando algun servicio, nuestro equipo esa listo para responder a tus preguntas<\/p>\n\t\t\t\t          <\/div>\n\t\t\t\t          <ul><li> <div class=\"wndfal-icon\"><i class=\"ti-location-pin\" aria-hidden=\"true\"><\/i><\/div><div class=\"contact-inner-info\"><span class=\"list-title\">Direcci\u00f3n:<\/span>Calle Circunvalaci\u00f3n, Edificio Montajes, Plan de la Laguna, Antiguo Cuscatl\u00e1n, La Libertad, El Salvador, cp 1502<\/div><\/li><li> <div class=\"wndfal-icon\"><i class=\"ti-mobile\" aria-hidden=\"true\"><\/i><\/div><div class=\"contact-inner-info\"><span class=\"list-title\">Tel\u00e9fonos<\/span><a href=\"tel:18005007600\" target=\"_blank\" rel=\"nofollow\">+503.25101000<\/a><\/div><\/li><li> <div class=\"wndfal-icon\"><i class=\"ti-email\" aria-hidden=\"true\"><\/i><\/div><div class=\"contact-inner-info\"><span class=\"list-title\">Email: <\/span><a href=\"#0\" target=\"_blank\" rel=\"nofollow\">info@montajes.com.sv<\/a><\/div><\/li><\/ul><\/div><\/div>\t\t<\/div>\n\t\t\t\t<\/div>\n\t\t\t\t<div class=\"elementor-element elementor-element-7b81983 elementor-widget elementor-widget-vt-windfall_social_icons\" data-id=\"7b81983\" data-element_type=\"widget\" data-widget_type=\"vt-windfall_social_icons.default\">\n\t\t\t\t<div class=\"elementor-widget-container\">\n\t\t\t<div class=\"wndfal-social  rounded\"><a  href=\"https:\/\/www.facebook.com\" target=\"_blank\" rel=\"nofollow\" class=\"icon-fa-facebook\"><span><i class=\"fa fa-facebook\"><\/i><\/span><\/a><a  href=\"https:\/\/www.twitter.com\" target=\"_blank\" rel=\"nofollow\" class=\"icon-fa-twitter\"><span><i class=\"fa fa-twitter\"><\/i><\/span><\/a><a  href=\"https:\/\/www.linkedin.com\" target=\"_blank\" rel=\"nofollow\" class=\"icon-fa-linkedin\"><span><i class=\"fa fa-linkedin\"><\/i><\/span><\/a><a  href=\"https:\/\/www.instagram.com\" target=\"_blank\" rel=\"nofollow\" class=\"icon-fa-instagram\"><span><i class=\"fa fa-instagram\"><\/i><\/span><\/a><\/div>\t\t<\/div>\n\t\t\t\t<\/div>\n\t\t\t\t\t<\/div>\n\t\t<\/div>\n\t\t\t\t<div class=\"elementor-column elementor-col-66 elementor-top-column elementor-element elementor-element-a4e231f\" data-id=\"a4e231f\" data-element_type=\"column\">\n\t\t\t<div class=\"elementor-widget-wrap elementor-element-populated\">\n\t\t\t\t\t\t\t\t<div class=\"elementor-element elementor-element-bc24231 elementor-widget elementor-widget-vt-windfall_contact_form\" data-id=\"bc24231\" data-element_type=\"widget\" data-widget_type=\"vt-windfall_contact_form.default\">\n\t\t\t\t<div class=\"elementor-widget-container\">\n\t\t\t<div class=\" wndfal-contact-form wndfal-form wndfal-cntat-form\">\n<div class=\"wpcf7 no-js\" id=\"wpcf7-f385-o1\" lang=\"en-US\" dir=\"ltr\">\n<div class=\"screen-reader-response\"><p role=\"status\" aria-live=\"polite\" aria-atomic=\"true\"><\/p> <ul><\/ul><\/div>\n<form action=\"\/index.php\/wp-json\/wp\/v2\/pages\/377#wpcf7-f385-o1\" method=\"post\" class=\"wpcf7-form init\" aria-label=\"Contact form\" novalidate=\"novalidate\" data-status=\"init\">\n<div style=\"display: none;\">\n<input type=\"hidden\" name=\"_wpcf7\" value=\"385\" \/>\n<input type=\"hidden\" name=\"_wpcf7_version\" value=\"5.7.5.1\" \/>\n<input type=\"hidden\" name=\"_wpcf7_locale\" value=\"en_US\" \/>\n<input type=\"hidden\" name=\"_wpcf7_unit_tag\" value=\"wpcf7-f385-o1\" \/>\n<input type=\"hidden\" name=\"_wpcf7_container_post\" value=\"0\" \/>\n<input type=\"hidden\" name=\"_wpcf7_posted_data_hash\" value=\"\" \/>\n<\/div>\n<div class=\"row\">\n\t<div class=\"col-md-6\">\n\t\t<p><label> Nombre (required) <\/label><br \/>\n<span class=\"wpcf7-form-control-wrap\" data-name=\"your-name\"><input size=\"40\" class=\"wpcf7-form-control wpcf7-text wpcf7-validates-as-required\" aria-required=\"true\" aria-invalid=\"false\" value=\"\" type=\"text\" name=\"your-name\" \/><\/span>\n\t\t<\/p>\n\t<\/div>\n\t<div class=\"col-md-6\">\n\t\t<p><label> Correo (required) <\/label><br \/>\n<span class=\"wpcf7-form-control-wrap\" data-name=\"your-email\"><input size=\"40\" class=\"wpcf7-form-control wpcf7-text wpcf7-email wpcf7-validates-as-required wpcf7-validates-as-email\" aria-required=\"true\" aria-invalid=\"false\" value=\"\" type=\"email\" name=\"your-email\" \/><\/span>\n\t\t<\/p>\n\t<\/div>\n\t<div class=\"col-md-6\">\n\t\t<p><label> Telefono <\/label><br \/>\n<span class=\"wpcf7-form-control-wrap\" data-name=\"tel-459\"><input size=\"40\" class=\"wpcf7-form-control wpcf7-text wpcf7-tel wpcf7-validates-as-tel\" aria-invalid=\"false\" value=\"\" type=\"tel\" name=\"tel-459\" \/><\/span>\n\t\t<\/p>\n\t<\/div>\n\t<div class=\"col-md-6\">\n\t\t<p><label> Asunto <\/label><br \/>\n<span class=\"wpcf7-form-control-wrap\" data-name=\"your-subject\"><input size=\"40\" class=\"wpcf7-form-control wpcf7-text\" aria-invalid=\"false\" value=\"\" type=\"text\" name=\"your-subject\" \/><\/span>\n\t\t<\/p>\n\t<\/div>\n\t<div class=\"col-md-12\">\n\t\t<p><label> Mensaje <\/label><br \/>\n<span class=\"wpcf7-form-control-wrap\" data-name=\"your-message\"><textarea cols=\"40\" rows=\"10\" class=\"wpcf7-form-control wpcf7-textarea\" aria-invalid=\"false\" name=\"your-message\"><\/textarea><\/span>\n\t\t<\/p>\n\t<\/div>\n\t<div class=\"col-md-12\">\n\t\t<p><input class=\"wpcf7-form-control has-spinner wpcf7-submit\" type=\"submit\" value=\"Enviar\" \/>\n\t\t<\/p>\n\t<\/div>\n<\/div><div class=\"wpcf7-response-output\" aria-hidden=\"true\"><\/div>\n<\/form>\n<\/div>\n<\/div>\t\t<\/div>\n\t\t\t\t<\/div>\n\t\t\t\t\t<\/div>\n\t\t<\/div>\n\t\t\t\t\t\t\t<\/div>\n\t\t<\/section>\n\t\t\t\t\t\t\t<\/div>\n\t\t","protected":false},"excerpt":{"rendered":"Cont\u00e1ctenos Si tiene alguna pregunta, o esta solicitando algun servicio, nuestro equipo esa listo para responder a tus preguntas Direcci\u00f3n:Calle Circunvalaci\u00f3n, Edificio Montajes, Plan de la Laguna, Antiguo Cuscatl\u00e1n, La Libertad, El Salvador, cp 1502 Tel\u00e9fonos+503.25101000 Email: info@montajes.com.sv Nombre (required) Correo (required) Telefono Asunto Mensaje","protected":false},"author":1,"featured_media":0,"parent":0,"menu_order":0,"comment_status":"closed","ping_status":"closed","template":"","meta":{"footnotes":""},"class_list":["post-377","page","type-page","status-publish","hentry"],"yoast_head":"<!-- This site is optimized with the Yoast SEO plugin v20.4 - https:\/\/yoast.com\/wordpress\/plugins\/seo\/ -->\n<title>Cont\u00e1ctenos - Montajes<\/title>\n<meta name=\"description\" content=\"Ll\u00e1menos Hoy para montajes industriales, el\u00e9ctricos, o mec\u00e1nicos,Maquinaria y Equipos Para Vapor,Calentamiento De Agua, Montaje De Torres.\" \/>\n<meta name=\"robots\" content=\"index, follow, max-snippet:-1, max-image-preview:large, max-video-preview:-1\" \/>\n<link rel=\"canonical\" href=\"https:\/\/montajes.com.sv\/index.php\/contactenos\/\" \/>\n<meta property=\"og:locale\" content=\"en_US\" \/>\n<meta property=\"og:type\" content=\"article\" \/>\n<meta property=\"og:title\" content=\"Cont\u00e1ctenos - Montajes\" \/>\n<meta property=\"og:description\" content=\"Ll\u00e1menos Hoy para montajes industriales, el\u00e9ctricos, o mec\u00e1nicos,Maquinaria y Equipos Para Vapor,Calentamiento De Agua, Montaje De Torres.\" \/>\n<meta property=\"og:url\" content=\"https:\/\/montajes.com.sv\/index.php\/contactenos\/\" \/>\n<meta property=\"og:site_name\" content=\"Montajes\" \/>\n<meta property=\"article:modified_time\" content=\"2023-04-21T16:36:19+00:00\" \/>\n<meta name=\"twitter:card\" content=\"summary_large_image\" \/>\n<meta name=\"twitter:label1\" content=\"Est. reading time\" \/>\n\t<meta name=\"twitter:data1\" content=\"1 minute\" \/>\n<script type=\"application\/ld+json\" class=\"yoast-schema-graph\">{\"@context\":\"https:\/\/schema.org\",\"@graph\":[{\"@type\":\"WebPage\",\"@id\":\"https:\/\/montajes.com.sv\/index.php\/contactenos\/\",\"url\":\"https:\/\/montajes.com.sv\/index.php\/contactenos\/\",\"name\":\"Cont\u00e1ctenos - Montajes\",\"isPartOf\":{\"@id\":\"https:\/\/montajes.com.sv\/#website\"},\"datePublished\":\"2019-04-04T10:01:49+00:00\",\"dateModified\":\"2023-04-21T16:36:19+00:00\",\"description\":\"Ll\u00e1menos Hoy para montajes industriales, el\u00e9ctricos, o mec\u00e1nicos,Maquinaria y Equipos Para Vapor,Calentamiento De Agua, Montaje De Torres.\",\"breadcrumb\":{\"@id\":\"https:\/\/montajes.com.sv\/index.php\/contactenos\/#breadcrumb\"},\"inLanguage\":\"en-US\",\"potentialAction\":[{\"@type\":\"ReadAction\",\"target\":[\"https:\/\/montajes.com.sv\/index.php\/contactenos\/\"]}]},{\"@type\":\"BreadcrumbList\",\"@id\":\"https:\/\/montajes.com.sv\/index.php\/contactenos\/#breadcrumb\",\"itemListElement\":[{\"@type\":\"ListItem\",\"position\":1,\"name\":\"Home\",\"item\":\"https:\/\/montajes.com.sv\/\"},{\"@type\":\"ListItem\",\"position\":2,\"name\":\"Cont\u00e1ctenos\"}]},{\"@type\":\"WebSite\",\"@id\":\"https:\/\/montajes.com.sv\/#website\",\"url\":\"https:\/\/montajes.com.sv\/\",\"name\":\"Montajes\",\"description\":\"Desarrollos de Ingenieria, Industria Textil, Plantas de produccci\u00f3n\",\"potentialAction\":[{\"@type\":\"SearchAction\",\"target\":{\"@type\":\"EntryPoint\",\"urlTemplate\":\"https:\/\/montajes.com.sv\/?s={search_term_string}\"},\"query-input\":\"required name=search_term_string\"}],\"inLanguage\":\"en-US\"}]}<\/script>\n<!-- \/ Yoast SEO plugin. -->","yoast_head_json":{"title":"Cont\u00e1ctenos - Montajes","description":"Ll\u00e1menos Hoy para montajes industriales, el\u00e9ctricos, o mec\u00e1nicos,Maquinaria y Equipos Para Vapor,Calentamiento De Agua, Montaje De Torres.","robots":{"index":"index","follow":"follow","max-snippet":"max-snippet:-1","max-image-preview":"max-image-preview:large","max-video-preview":"max-video-preview:-1"},"canonical":"https:\/\/montajes.com.sv\/index.php\/contactenos\/","og_locale":"en_US","og_type":"article","og_title":"Cont\u00e1ctenos - Montajes","og_description":"Ll\u00e1menos Hoy para montajes industriales, el\u00e9ctricos, o mec\u00e1nicos,Maquinaria y Equipos Para Vapor,Calentamiento De Agua, Montaje De Torres.","og_url":"https:\/\/montajes.com.sv\/index.php\/contactenos\/","og_site_name":"Montajes","article_modified_time":"2023-04-21T16:36:19+00:00","twitter_card":"summary_large_image","twitter_misc":{"Est. reading time":"1 minute"},"schema":{"@context":"https:\/\/schema.org","@graph":[{"@type":"WebPage","@id":"https:\/\/montajes.com.sv\/index.php\/contactenos\/","url":"https:\/\/montajes.com.sv\/index.php\/contactenos\/","name":"Cont\u00e1ctenos - Montajes","isPartOf":{"@id":"https:\/\/montajes.com.sv\/#website"},"datePublished":"2019-04-04T10:01:49+00:00","dateModified":"2023-04-21T16:36:19+00:00","description":"Ll\u00e1menos Hoy para montajes industriales, el\u00e9ctricos, o mec\u00e1nicos,Maquinaria y Equipos Para Vapor,Calentamiento De Agua, Montaje De Torres.","breadcrumb":{"@id":"https:\/\/montajes.com.sv\/index.php\/contactenos\/#breadcrumb"},"inLanguage":"en-US","potentialAction":[{"@type":"ReadAction","target":["https:\/\/montajes.com.sv\/index.php\/contactenos\/"]}]},{"@type":"BreadcrumbList","@id":"https:\/\/montajes.com.sv\/index.php\/contactenos\/#breadcrumb","itemListElement":[{"@type":"ListItem","position":1,"name":"Home","item":"https:\/\/montajes.com.sv\/"},{"@type":"ListItem","position":2,"name":"Cont\u00e1ctenos"}]},{"@type":"WebSite","@id":"https:\/\/montajes.com.sv\/#website","url":"https:\/\/montajes.com.sv\/","name":"Montajes","description":"Desarrollos de Ingenieria, Industria Textil, Plantas de produccci\u00f3n","potentialAction":[{"@type":"SearchAction","target":{"@type":"EntryPoint","urlTemplate":"https:\/\/montajes.com.sv\/?s={search_term_string}"},"query-input":"required name=search_term_string"}],"inLanguage":"en-US"}]}},"_links":{"self":[{"href":"https:\/\/montajes.com.sv\/index.php\/wp-json\/wp\/v2\/pages\/377","targetHints":{"allow":["GET"]}}],"collection":[{"href":"https:\/\/montajes.com.sv\/index.php\/wp-json\/wp\/v2\/pages"}],"about":[{"href":"https:\/\/montajes.com.sv\/index.php\/wp-json\/wp\/v2\/types\/page"}],"author":[{"embeddable":true,"href":"https:\/\/montajes.com.sv\/index.php\/wp-json\/wp\/v2\/users\/1"}],"replies":[{"embeddable":true,"href":"https:\/\/montajes.com.sv\/index.php\/wp-json\/wp\/v2\/comments?post=377"}],"version-history":[{"count":15,"href":"https:\/\/montajes.com.sv\/index.php\/wp-json\/wp\/v2\/pages\/377\/revisions"}],"predecessor-version":[{"id":1608,"href":"https:\/\/montajes.com.sv\/index.php\/wp-json\/wp\/v2\/pages\/377\/revisions\/1608"}],"wp:attachment":[{"href":"https:\/\/montajes.com.sv\/index.php\/wp-json\/wp\/v2\/media?parent=377"}],"curies":[{"name":"wp","href":"https:\/\/api.w.org\/{rel}","templated":true}]}}